{"id":51,"date":"2017-11-16T14:57:13","date_gmt":"2017-11-16T14:57:13","guid":{"rendered":"http:\/\/baumeister.mikado-themes.com\/?page_id=51"},"modified":"2022-07-29T14:23:24","modified_gmt":"2022-07-29T11:23:24","slug":"iletisim","status":"publish","type":"page","link":"http:\/\/www.fabistekstil.com.tr\/eng\/iletisim\/","title":{"rendered":"\u0130leti\u015fim"},"content":{"rendered":"<p>[vc_row][vc_column][vc_column_text]<iframe loading=\"lazy\" style=\"border: 0;\" src=\"https:\/\/www.google.com\/maps\/embed?pb=!1m14!1m8!1m3!1d12175.616827286021!2d29.0735819!3d40.2778781!3m2!1i1024!2i768!4f13.1!3m3!1m2!1s0x0%3A0x9b7de709f9fc799d!2sFabis%20TEKST%C4%B0L!5e0!3m2!1str!2str!4v1658396762224!5m2!1str!2str\" width=\"1920\" height=\"400\" allowfullscreen=\"allowfullscreen\"><\/iframe>[\/vc_column_text][\/vc_column][\/vc_row][vc_row row_content_width=&#8221;grid&#8221; content_text_aligment=&#8221;left&#8221; css=&#8221;.vc_custom_1512390687318{padding-top: 79px !important;padding-bottom: 72px !important;}&#8221; simple_background_color=&#8221;#ffffff&#8221;][vc_column offset=&#8221;vc_col-lg-offset-0 vc_col-lg-6 vc_col-md-offset-0 vc_col-md-12 vc_col-sm-offset-0 vc_col-xs-12&#8243;]<div class=\"mkd-elements-holder   mkd-one-column  mkd-responsive-mode-768 \" ><div class=\"mkd-eh-item    \"  data-item-class=\"mkd-eh-custom-9879\" data-768-1024=\"3px 0 73px 0\" data-680-768=\"3px 0 70px 0\" data-680=\"5px 0 75px 0\">\n\n\t<div class=\"mkd-eh-item-inner\">\n\n\t\t<div class=\"mkd-eh-item-content mkd-eh-custom-9879\" style=\"padding: 10px 0 0 0\">\n\t\t\t<div class=\"mkd-section-title-holder  mkd-st-standard mkd-st-title-left mkd-st-normal-space \" >\n\t<div class=\"mkd-st-inner\">\n\t\t\t\t\t<h3 class=\"mkd-st-title\" style=\"color: #1b1b1b\">\n\t\t\t\tFill out the form to contact us.\t\t\t<\/h3>\n\t\t\t\t\t\t\t<p class=\"mkd-st-text\" style=\"line-height: 30px;margin-top: 34px\">\n\t\t\t\tYou can contact us about any issue and get information.\t\t\t<\/p>\n\t\t\t<\/div>\n<\/div>[vc_empty_space height=&#8221;31&#8243;]<div class=\"mkd-iwt clearfix  mkd-iwt-icon-left mkd-iwt-icon-tiny\">\n\t<div class=\"mkd-iwt-icon\">\n\t\t\t\t\t<a itemprop=\"url\" href=\"#\" target=\"_self\">\n\t\t\t\t\t\t\t\t\t    <span class=\"mkd-icon-shortcode mkd-normal   mkd-icon-tiny\"  data-hover-color=\"#1b1b1b\" data-color=\"#fdb913\">\n                    <i class=\"mkd-icon-font-awesome fa fa-map-pin mkd-icon-element\" style=\"color: #fdb913\" ><\/i>            <\/span>\n\t\t\t\t\t\t\t\t<\/a>\n\t\t\t<\/div>\n\t<div class=\"mkd-iwt-content\" >\n\t\t\t\t\t\t\t<p class=\"mkd-iwt-text\" style=\"margin-top: 4px\">Demirta\u015f Dumlup\u0131nar, Fesle\u011fen Sk. No:5 D:4, 16245 Osmangazi\/Bursa<\/p>\n\t\t\t<\/div>\n<\/div>[vc_empty_space height=&#8221;34&#8243;]<div class=\"mkd-iwt clearfix  mkd-iwt-icon-left mkd-iwt-icon-tiny\">\n\t<div class=\"mkd-iwt-icon\">\n\t\t\t\t\t<a itemprop=\"url\" href=\"#\" target=\"_self\">\n\t\t\t\t\t\t\t\t\t    <span class=\"mkd-icon-shortcode mkd-normal   mkd-icon-tiny\"  data-hover-color=\"#1b1b1b\" data-color=\"#fdb913\">\n                    <i class=\"mkd-icon-font-awesome fa fa-phone mkd-icon-element\" style=\"color: #fdb913\" ><\/i>            <\/span>\n\t\t\t\t\t\t\t\t<\/a>\n\t\t\t<\/div>\n\t<div class=\"mkd-iwt-content\" >\n\t\t\t\t\t\t\t<p class=\"mkd-iwt-text\" style=\"color: #8b8b8b;margin-top: 4px\">+90 224 261 06 66<\/p>\n\t\t\t<\/div>\n<\/div>[vc_empty_space height=&#8221;33&#8243;]<div class=\"mkd-iwt clearfix  mkd-iwt-icon-left mkd-iwt-icon-tiny\">\n\t<div class=\"mkd-iwt-icon\">\n\t\t\t\t\t<a itemprop=\"url\" href=\"mailto:info@fabistekstil.com.tr\" target=\"_self\">\n\t\t\t\t\t\t\t\t\t    <span class=\"mkd-icon-shortcode mkd-normal   mkd-icon-tiny\"  data-hover-color=\"#1b1b1b\" data-color=\"#fdb913\">\n                    <i class=\"mkd-icon-font-awesome fa fa-envelope mkd-icon-element\" style=\"color: #fdb913\" ><\/i>            <\/span>\n\t\t\t\t\t\t\t\t<\/a>\n\t\t\t<\/div>\n\t<div class=\"mkd-iwt-content\" >\n\t\t\t\t\t\t\t<p class=\"mkd-iwt-text\" style=\"margin-top: 4px\">info@fabistekstil.com.tr<\/p>\n\t\t\t<\/div>\n<\/div>\t\t<\/div>\n\n\t<\/div>\n\n    <\/div><\/div>[\/vc_column][vc_column offset=&#8221;vc_col-lg-offset-0 vc_col-lg-6 vc_col-md-offset-0 vc_col-md-12 vc_col-sm-offset-0 vc_col-xs-12&#8243; css=&#8221;.vc_custom_1511429433464{padding-top: 21px !important;}&#8221;]<div role=\"form\" class=\"wpcf7\" id=\"wpcf7-f3482-o1\" lang=\"en-US\" dir=\"ltr\">\n<div class=\"screen-reader-response\" aria-live=\"polite\"><\/div>\n<form action=\"\/eng\/wp-json\/wp\/v2\/pages\/51#wpcf7-f3482-o1\" method=\"post\" class=\"wpcf7-form cf7_custom_style_2\" novalidate=\"novalidate\">\n<div style=\"display: none;\">\n<input type=\"hidden\" name=\"_wpcf7\" value=\"3482\" \/>\n<input type=\"hidden\" name=\"_wpcf7_version\" value=\"5.1.9\" \/>\n<input type=\"hidden\" name=\"_wpcf7_locale\" value=\"en_US\" \/>\n<input type=\"hidden\" name=\"_wpcf7_unit_tag\" value=\"wpcf7-f3482-o1\" \/>\n<input type=\"hidden\" name=\"_wpcf7_container_post\" value=\"0\" \/>\n<\/div>\n<div>\n<div class=\"mkd-grid-row mkd-grid-tiny-gutter\">\n<div class=\"mkd-grid-col-6\">\n           <span class=\"wpcf7-form-control-wrap text\"><input type=\"text\" name=\"text\" value=\"\" size=\"40\" class=\"wpcf7-form-control wpcf7-text wpcf7-validates-as-required\" aria-required=\"true\" aria-invalid=\"false\" placeholder=\"NAME SURNAME\" \/><\/span>\n         <\/div>\n<div class=\"mkd-grid-col-6\">\n          <span class=\"wpcf7-form-control-wrap tel\"><input type=\"tel\" name=\"tel\" value=\"\" size=\"40\" class=\"wpcf7-form-control wpcf7-text wpcf7-tel wpcf7-validates-as-tel\" aria-invalid=\"false\" placeholder=\"PHONE\" \/><\/span>\n         <\/div><\/div>\n<div class=\"mkd-grid-row\">\n<div class=\"mkd-grid-col-12\">\n           <span class=\"wpcf7-form-control-wrap email\"><input type=\"email\" name=\"email\" value=\"\" size=\"40\" class=\"wpcf7-form-control wpcf7-text wpcf7-email wpcf7-validates-as-required wpcf7-validates-as-email\" aria-required=\"true\" aria-invalid=\"false\" placeholder=\"MAIL\" \/><\/span>\n       <\/div><\/div>\n<div class=\"mkd-grid-row\">\n<div class=\"mkd-grid-col-12\">\n           <span class=\"wpcf7-form-control-wrap textarea\"><textarea name=\"textarea\" cols=\"40\" rows=\"10\" class=\"wpcf7-form-control wpcf7-textarea\" aria-invalid=\"false\" placeholder=\"MESSAGE\"><\/textarea><\/span>\n       <\/div><\/div>\n<div class=\"mkd-grid-row\">\n<div class=\"mkd-grid-col-12\">\n           <input type=\"submit\" value=\"SEND\" class=\"wpcf7-form-control wpcf7-submit\" \/>\n       <\/div><\/div>\n<\/div>\n<div class=\"wpcf7-response-output wpcf7-display-none\" aria-hidden=\"true\"><\/div><\/form><\/div>[\/vc_column][\/vc_row]<\/p>\n","protected":false},"excerpt":{"rendered":"<p>[vc_row][vc_column][vc_column_text][\/vc_column_text][\/vc_column][\/vc_row][vc_row row_content_width=&#8221;grid&#8221; content_text_aligment=&#8221;left&#8221; css=&#8221;.vc_custom_1512390687318{padding-top: 79px !important;padding-bottom: 72px !important;}&#8221; simple_background_color=&#8221;#ffffff&#8221;][vc_column offset=&#8221;vc_col-lg-offset-0 vc_col-lg-6 vc_col-md-offset-0 vc_col-md-12 vc_col-sm-offset-0 vc_col-xs-12&#8243;][\/vc_column][vc_column offset=&#8221;vc_col-lg-offset-0 vc_col-lg-6 vc_col-md-offset-0 vc_col-md-12 vc_col-sm-offset-0 vc_col-xs-12&#8243; css=&#8221;.vc_custom_1511429433464{padding-top: 21px !important;}&#8221;][\/vc_column][\/vc_row]<\/p>\n","protected":false},"author":1,"featured_media":0,"parent":0,"menu_order":0,"comment_status":"closed","ping_status":"closed","template":"full-width.php","meta":[],"_links":{"self":[{"href":"http:\/\/www.fabistekstil.com.tr\/eng\/wp-json\/wp\/v2\/pages\/51"}],"collection":[{"href":"http:\/\/www.fabistekstil.com.tr\/eng\/wp-json\/wp\/v2\/pages"}],"about":[{"href":"http:\/\/www.fabistekstil.com.tr\/eng\/wp-json\/wp\/v2\/types\/page"}],"author":[{"embeddable":true,"href":"http:\/\/www.fabistekstil.com.tr\/eng\/wp-json\/wp\/v2\/users\/1"}],"replies":[{"embeddable":true,"href":"http:\/\/www.fabistekstil.com.tr\/eng\/wp-json\/wp\/v2\/comments?post=51"}],"version-history":[{"count":15,"href":"http:\/\/www.fabistekstil.com.tr\/eng\/wp-json\/wp\/v2\/pages\/51\/revisions"}],"predecessor-version":[{"id":4863,"href":"http:\/\/www.fabistekstil.com.tr\/eng\/wp-json\/wp\/v2\/pages\/51\/revisions\/4863"}],"wp:attachment":[{"href":"http:\/\/www.fabistekstil.com.tr\/eng\/wp-json\/wp\/v2\/media?parent=51"}],"curies":[{"name":"wp","href":"https:\/\/api.w.org\/{rel}","templated":true}]}}